{"id":195,"date":"2025-12-13T00:05:49","date_gmt":"2025-12-12T23:05:49","guid":{"rendered":"http:\/\/www.weihnachtszeiten.de\/aktuell\/?page_id=195"},"modified":"2025-11-29T07:50:02","modified_gmt":"2025-11-29T06:50:02","slug":"13-dezember","status":"publish","type":"page","link":"http:\/\/www.weihnachtszeiten.de\/aktuell\/kalender\/13-dezember\/","title":{"rendered":"13. Dezember 2025"},"content":{"rendered":"<table style=\"margin: auto;\" border=\"0\" cellspacing=\"0\" cellpadding=\"0\">\n<tbody>\n<tr>\n<td><a href=\"?page_id=194\"><img loading=\"lazy\" decoding=\"async\" style=\"margin-right: 25px;\" src=\"\/aktuell\/wp-content\/uploads\/p1\/linkfarb.gif\" alt=\"einen Tag zur&#252;ck\" width=\"40\" height=\"44\" border=\"0\" \/><\/a><\/td>\n<td><img loading=\"lazy\" decoding=\"async\" style=\"margin-right: 5px;\" src=\"\/aktuell\/wp-content\/uploads\/p1\/date_1.gif\" alt=\"Heute ist der\" width=\"172\" height=\"37\" hspace=\"5\" \/><\/td>\n<td><img loading=\"lazy\" decoding=\"async\" src=\"\/aktuell\/wp-content\/uploads\/p1\/1312_1.gif\" alt=\"13. Dezember\" width=\"169\" height=\"37\" border=\"0\" \/><\/td>\n<td><a href=\"?page_id=196\"><img loading=\"lazy\" decoding=\"async\" style=\"margin-left: 25px;\" src=\"\/aktuell\/wp-content\/uploads\/p1\/rechtfarb.gif\" alt=\"einen Tag vor\" width=\"40\" height=\"44\" border=\"0\" \/><\/a><\/td>\n<\/tr>\n<\/tbody>\n<\/table>\n<p class=\"zitat\" style=\"text-align: center;\"><a name=\"kalender\"><\/a><div style=\"text-align:center; margin:2px 10px 2px 10px;\"><span style=\"color:#4A567E\">\u00bbWeihnachten macht die Frohen und Lebenst\u00fcchtigen froher, die Betr\u00fcbten aber, die schwer am Leben tragen, trauriger. Weihnachten macht bewu\u00dfter als jeder andere Tag, wer im Licht und wer im Schatten lebt.\u00ab<br\/><small>&nbsp;Gustav Heinemann<\/small><\/span><\/div><\/p>\n<p style=\"text-align: center;\"><img loading=\"lazy\" decoding=\"async\" title=\"God jul och ett gott nyt \u00e5r - Weihnachten in Schweden\" src=\"\/aktuell\/wp-content\/uploads\/p1\/schweden1.gif\" alt=\"God jul och ett gott nyt \u00e5r - Weihnachten in Schweden\" width=\"425\" height=\"36\" border=\"0\" hspace=\"2\" vspace=\"2\" \/><\/p>\n<p>Wer um den 13. Dezember herum nach Schweden reist, wird &#252;berall auf wei&#223;gekleidete, mit einem Lichterkranz geschm&#252;ckte M&#228;dchen sto&#223;en, Ableger der Lichterk&#246;nigin Lucia.<br \/>\nDie sch&#246;ne, feierliche Weihnachtszeit beginnt in Schweden bereits am 13. Dezember. Die anstehende Wintersonnenwende, die bis zur Kalenderreform 1582, auf den Festtag der heiligen Lucia am 13. Dezember fiel, wurde mit zahlreichen Lichter und Wintervertreibungsbr&#228;uchen gefeiert. In Schweden wird die Luciennacht bis heute als Mittwinternacht begangen.<br \/>\nFr&#252;h am Morgen verkleidet sich meist die &#228;lteste Tochter der Familie als Heilige Lucia. <img loading=\"lazy\" decoding=\"async\" title=\"evan_elisabeth_megner_lucia.gif\" src=\"\/aktuell\/wp-content\/uploads\/p2\/evan_elisabeth_megner_lucia.gif\" alt=\"evan_elisabeth_megner_lucia.gif\" width=\"200\" height=\"249\" align=\"right\" border=\"0\" hspace=\"2\" vspace=\"2\" \/>Sie tr&#228;gt dazu ein langes wei&#223;es Kleid mit rotem Band um die Taille und einen Kranz mit brennenden Kerzen auf dem Kopf. So serviert sie den noch schlafenden Familienmitgliedern das Fr&#252;hst&#252;ck mit besonders leckerem Geb&#228;ck. Als Heilige Lucia verk&#246;rpert sie die Lichterk&#246;nigin, die in dieser dunklen Jahreszeit Hoffnung auf die nun bald wieder l&#228;nger werdenden Tage macht.<\/p>\n<p>Mittlerweile gibt es wohl keine schwedische Stadt mehr, in der es nicht von Lichterk&#246;niginnen wimmelt. Ihnen folgen sogenannte stj&#228;rngossar, kleine Jungen mit langen wei&#223;en Hemden und einer spitzen Sternenm&#252;tze.<br \/>\nWo Lucia und ihr Gefolge singend auftreten, laden sie zu Kaffee und Safrangeb&#228;ck (lussekatter) ein. Kein anderes Land feiert Lucia auf diese Weise und das liegt wohl daran, da&#223; die Dunkelheit und K&#228;lte Schwedens den Hintergrund bilden, den Lucia ben&#246;tigt, um in ihrem warmen Glanz zu erstrahlen. In Schweden gibt es zu dieser Zeit n&#228;mlich nur 6 Stunden lang Tageslicht.<br \/>\nDas Luciafest ist der Auftakt des Weihnachtsfestes (jul), und die beiden dazwischenliegenden Wochen stehen im Zeichen der Vorbereitung dieses sehr langen und reich gestalteten Festes. Der 25. (juldagen) und 26. (annandag jul) Dezember sind Feiertage, und nach dem Neujahrsfest (mit dem 1. Januar als Feiertag) geht Weihnachten am 6. Januar, dem Tage der Heiligen Drei K&#246;nige, offiziell zu Ende.<\/p>\n<p>Auf fast jeder Weihnachtstafel steht der Julskinka, gekochter oder gebratener Schinken, eine Erinnerung an die Zeit, als man vor Weihnachten noch schlachtete, um zum Fest frisches Fleisch zu haben. Dazu i&#223;t man Gr&#252;nkohl und\/oder Rotkohl und Rote-Beete-Salat. In die Schinkenbr&#252;he taucht man Brotscheiben (\u00bbDopp i grytan\u00ab = in den Kochtopf tunken), so wie man es fr&#252;her tat, als es noch galt, Fett in jeder Form zu nutzen. Auf dem traditionellen Weihnachtstisch stehen nat&#252;rlich auch Fleischb&#228;llchen (k&#246;ttbullar), Leberpastete, Heringssalat (Sillsallad), verschiedene Wurst- und K&#228;sesorten-Gerichte, die ebenfalls zum Sm&#246;rg\u00e5sbord geh&#246;ren. Sp&#228;testens seit Ingmar Bergmans Film \u00bbFanny und Alexander\u00ab wei&#223; man, da&#223; zu Weihnachten in Schweden um den Tannenbaum herumgetanzt wird.<br \/>\nLutfisk (Stockfisch) ist das Gegengewicht zu der fetten Kost, und man serviert ihn an einem der beiden Feiertage, danach gibt es als Nachtisch einen dicken Reisbrei.<img loading=\"lazy\" decoding=\"async\" class=\"rightborder\" title=\"jultomte\" src=\"\/aktuell\/wp-content\/uploads\/p2\/wJ95667.jpg\" alt=\"jultomte\" width=\"250\" height=\"173\" align=\"right\" border=\"0\" hspace=\"2\" vspace=\"2\" \/> Den Reis kocht man in Milch und verfeinert ihn mit Sahne, Butter, Zucker und Zimt; eine einzige Mandel mischt man in den Brei, wer sie bekommt, wird als n&#228;chster heiraten.<\/p>\n<p>Was man unter keinen Umst&#228;nden vergessen darf, ist, eine Schale Reis vor die T&#252;r zu stellen, f&#252;r den jultomte, den schwedischen Weihnachtswichtel. Er erfreut sich gro&#223;er Beliebtheit, denn er ist es, der die julklappar (Geschenke) bringt. Urspr&#252;nglich war der tomte ein Zwerg oder ein Fabelwesen, das auf Bauernh&#246;fen wohnte und, wenn man ihn gut behandelte, den Bauern bei der Arbeit half.<br \/>\n<!--Start Navigator--><a name=\"gedicht\"><\/a><\/p>\n<table style=\"margin: auto;\" border=\"0\" align=\"center\">\n<tbody>\n<tr align=\"center\">\n<td><a title=\"einen Schritt zur&#252;ck\"><img loading=\"lazy\" decoding=\"async\" src=\"\/aktuell\/wp-content\/uploads\/p1\/links.gif\" alt=\"zur&#252;ck\" width=\"40\" height=\"44\" border=\"0\" \/><\/a><\/td>\n<td width=\"423\"><img loading=\"lazy\" decoding=\"async\" style=\"margin: 15px;\" src=\"\/aktuell\/wp-content\/uploads\/p1\/line423.gif\" alt=\"loading...\" width=\"423\" height=\"23\" border=\"0\" hspace=\"20\" \/><\/td>\n<td><a title=\"zum Kalender\" href=\"?page_id=175\"><img loading=\"lazy\" decoding=\"async\" src=\"\/aktuell\/wp-content\/uploads\/p1\/rechts.gif\" alt=\"zum Kalender\" width=\"40\" height=\"44\" border=\"0\" \/><\/a><\/td>\n<\/tr>\n<\/tbody>\n<\/table>\n<p>&nbsp;<\/p>\n<p style=\"text-align: center;\"><img loading=\"lazy\" decoding=\"async\" title=\"Santa Lucia\" src=\"\/aktuell\/wp-content\/uploads\/p1\/santalucia.gif\" alt=\"Santa Lucia\" width=\"406\" height=\"35\" border=\"0\" hspace=\"2\" vspace=\"2\" \/><br \/>\n<small>schwedischer Text: Arvid Rosen \/ deutscher Text: Klaus Neuhaus<\/small><\/p>\n<p style=\"text-align: center;\">Sie bringt das Licht hinein in d&#252;st&#8217;re Zimmer<br \/>\nsie steht ganz hoffnungsvoll im Kerzenschimmer,<br \/>\nkommt in der Dunkelheit,<br \/>\nleuchtend, mit wei&#223;em Kleid,<br \/>\nSanta Lucia, Santa Lucia.<\/p>\n<p style=\"text-align: center;\">Naten gar tunga fj&#228;t rund gard och stuva<br \/>\nKring jord som sol&#8217;n f&#246;rl&#228;t skuggorna ruva.<br \/>\nDa i vart m&#246;rka hus<br \/>\nstiger med t&#228;nda ljus.<br \/>\nSankta Lucia, Sankta Lucia.<\/p>\n<p style=\"text-align: center;\"><img loading=\"lazy\" decoding=\"async\" class=\"content\" title=\"Foto: Katarina Eriksson, Dezember 2005\" src=\"\/aktuell\/wp-content\/uploads\/p3\/solglimt-lucia.jpg\" alt=\"Foto: Katarina Eriksson, Dezember 2005\" width=\"448\" height=\"348\" border=\"0\" hspace=\"2\" vspace=\"2\" \/><br \/>\n<small>Foto: Katarina Eriksson, Dezember 2005<\/small><\/p>\n<table style=\"margin: auto;\" border=\"0\" align=\"center\">\n<tbody>\n<tr align=\"center\">\n<td><a title=\"einen Schritt zur&#252;ck\"><img loading=\"lazy\" decoding=\"async\" src=\"\/aktuell\/wp-content\/uploads\/p1\/links.gif\" alt=\"zur&#252;ck\" width=\"40\" height=\"44\" border=\"0\" \/><\/a><\/td>\n<td width=\"423\"><img loading=\"lazy\" decoding=\"async\" style=\"margin: 15px;\" src=\"\/aktuell\/wp-content\/uploads\/p1\/line423.gif\" alt=\"loading...\" width=\"423\" height=\"23\" border=\"0\" hspace=\"20\" \/><\/td>\n<td><a title=\"zum Kalender\" href=\"?page_id=175\"><img loading=\"lazy\" decoding=\"async\" src=\"\/aktuell\/wp-content\/uploads\/p1\/rechts.gif\" alt=\"zum Kalender\" width=\"40\" height=\"44\" border=\"0\" \/><\/a><\/td>\n<\/tr>\n<\/tbody>\n<\/table>\n<p style=\"text-align: center;\"><!--Ende Navigator--><img loading=\"lazy\" decoding=\"async\" title=\"Der gr&#246;&#223;te Julbock\" src=\"\/aktuell\/wp-content\/uploads\/p1\/gaevleboken.gif\" alt=\"Der gr&#246;&#223;te Julbock\" width=\"462\" height=\"37\" border=\"0\" hspace=\"2\" vspace=\"2\" \/><\/p>\n<div id=\"attachment_584\" style=\"width: 310px\" class=\"wp-caption alignright\"><a href=\"http:\/\/www.weihnachtszeiten.de\/aktuell\/wp-content\/uploads\/2011\/12\/Yule_goat_Gefle_Sweden_2009.jpg\" rel=\"lightbox[195]\"><img loading=\"lazy\" decoding=\"async\" aria-describedby=\"caption-attachment-584\" class=\"size-medium wp-image-584\" title=\"Yule_goat_Gefle_Sweden_2009\" src=\"http:\/\/www.weihnachtszeiten.de\/aktuell\/wp-content\/uploads\/2011\/12\/Yule_goat_Gefle_Sweden_2009-300x220.jpg\" alt=\"Yule_goat_Gefle_Sweden_2009\" width=\"300\" height=\"220\" srcset=\"http:\/\/www.weihnachtszeiten.de\/aktuell\/wp-content\/uploads\/2011\/12\/Yule_goat_Gefle_Sweden_2009-300x220.jpg 300w, http:\/\/www.weihnachtszeiten.de\/aktuell\/wp-content\/uploads\/2011\/12\/Yule_goat_Gefle_Sweden_2009.jpg 750w\" sizes=\"auto, (max-width: 300px) 100vw, 300px\" \/><\/a><p id=\"caption-attachment-584\" class=\"wp-caption-text\">Yule goat 2009 &#8211; Tony Nordin<\/p><\/div>\n<p style=\"text-align: justify;\">Seit 1966 wird auf dem zentral gelegenen Schlossplatz Slottstorget in G&#228;vle (Schweden) zur Weihnachtszeit ein &#252;berdimensionaler Julbock aufgestellt.<br \/>\nEr ist &#252;blicherweise 13 Meter hoch, 7 Meter lang und wiegt etwa 3,5 Tonnen. Trotz intensiver Bem&#252;hungen der Initiatoren (eine lokale Handelsver-einigung und ein naturwissenschaftlicher Sch&#252;lerverein) den Bock zu sch&#252;tzen, wird er fast jedes Jahr Opfer von Brandanschl&#228;gen.<br \/>\nDiese Tatsache wurde von Touristen bzw. Austauschstudenten als Tradition aufgefasst, so dass sie sich aktiv an der Zerst&#246;rung des Julbocks beteiligen.<\/p>\n<p>Seit 1996 wird der Julbock video&#252;berwacht, von seinem aktuellen Zustand kann man sich per Webcam &#252;berzeugen. Er hats schon nicht leicht: Mal wurde er von einem alten Auto umgefahren, mal wurde ihm ein Bein abgebrochen.<br \/>\nZum 40-j&#228;hrigen Jubil&#228;um wurde der Julbock im Winter 2006 erstmals mit einem Brandschutzmittel impr&#228;gniert und konnte einem Anschlagversuch erfolgreich standhalten. 2008 gabs kein Feuerschutzmittel, aber der Bock hat trotzdem bis nach Weihnachten gestanden. 2009 wurde der Bock am 23. Dezember in Brand gesetzt; zeitgleich kam es zu einem Hackerangriff auf den Server der Gemeinde &#8211; die Speicherung der Webcambilder fiel aus und die Brandstifter konnten dadurch nicht ermittelt werden. Sp&#228;ter gab es sogar Pl&#228;ne, dass er mit einem Hubschrauber entf&#252;hrt werden sollte.<\/p>\n<div id=\"attachment_585\" style=\"width: 580px\" class=\"wp-caption aligncenter\"><img loading=\"lazy\" decoding=\"async\" aria-describedby=\"caption-attachment-585\" class=\"size-full wp-image-585\" title=\"G&#228;vlebocken 2011\" src=\"http:\/\/www.weihnachtszeiten.de\/aktuell\/wp-content\/uploads\/2011\/12\/bocken2011.jpg\" alt=\"G&#228;vlebocken 2011\" width=\"570\" height=\"428\" srcset=\"http:\/\/www.weihnachtszeiten.de\/aktuell\/wp-content\/uploads\/2011\/12\/bocken2011.jpg 570w, http:\/\/www.weihnachtszeiten.de\/aktuell\/wp-content\/uploads\/2011\/12\/bocken2011-300x225.jpg 300w\" sizes=\"auto, (max-width: 570px) 100vw, 570px\" \/><p id=\"caption-attachment-585\" class=\"wp-caption-text\">Julbock<\/p><\/div>\n","protected":false},"excerpt":{"rendered":"<p>Wer um den 13. Dezember herum nach Schweden reist, wird &#252;berall auf wei&#223;gekleidete, mit einem Lichterkranz geschm&#252;ckte M&#228;dchen sto&#223;en, Ableger der Lichterk&#246;nigin Lucia. Die sch&#246;ne, feierliche Weihnachtszeit beginnt in Schweden bereits am 13. Dezember. Die anstehende Wintersonnenwende, die bis zur Kalenderreform 1582, auf den Festtag der heiligen Lucia am 13. Dezember fiel, wurde mit zahlreichen [&hellip;]<\/p>\n","protected":false},"author":1,"featured_media":0,"parent":175,"menu_order":15,"comment_status":"closed","ping_status":"closed","template":"","meta":{"footnotes":""},"class_list":["post-195","page","type-page","status-publish","hentry"],"_links":{"self":[{"href":"http:\/\/www.weihnachtszeiten.de\/aktuell\/wp-json\/wp\/v2\/pages\/195","targetHints":{"allow":["GET"]}}],"collection":[{"href":"http:\/\/www.weihnachtszeiten.de\/aktuell\/wp-json\/wp\/v2\/pages"}],"about":[{"href":"http:\/\/www.weihnachtszeiten.de\/aktuell\/wp-json\/wp\/v2\/types\/page"}],"author":[{"embeddable":true,"href":"http:\/\/www.weihnachtszeiten.de\/aktuell\/wp-json\/wp\/v2\/users\/1"}],"replies":[{"embeddable":true,"href":"http:\/\/www.weihnachtszeiten.de\/aktuell\/wp-json\/wp\/v2\/comments?post=195"}],"version-history":[{"count":0,"href":"http:\/\/www.weihnachtszeiten.de\/aktuell\/wp-json\/wp\/v2\/pages\/195\/revisions"}],"up":[{"embeddable":true,"href":"http:\/\/www.weihnachtszeiten.de\/aktuell\/wp-json\/wp\/v2\/pages\/175"}],"wp:attachment":[{"href":"http:\/\/www.weihnachtszeiten.de\/aktuell\/wp-json\/wp\/v2\/media?parent=195"}],"curies":[{"name":"wp","href":"https:\/\/api.w.org\/{rel}","templated":true}]}}